{"id":13652,"date":"2026-04-18T03:39:36","date_gmt":"2026-04-18T03:39:36","guid":{"rendered":"https:\/\/uniquemoments.shop\/?post_type=product&#038;p=13652"},"modified":"2026-04-18T04:12:03","modified_gmt":"2026-04-18T04:12:03","slug":"valkyra-alivia-el-ansiedad-en-segundos-sin-quimicos-ni-nicotina","status":"publish","type":"product","link":"https:\/\/uniquemoments.shop\/es\/producto\/valkyra-alivia-el-ansiedad-en-segundos-sin-quimicos-ni-nicotina\/","title":{"rendered":"Valkyra | alivia el ansiedad en segundos sin qu\u00edmicos ni nicotina"},"content":{"rendered":"<div data-elementor-type=\"product-post\" data-elementor-id=\"13652\" class=\"elementor elementor-13652\" data-elementor-post-type=\"product\">\n\t\t\t\t<div class=\"elementor-element elementor-element-12acf6e1 e-flex e-con-boxed e-con e-parent\" data-id=\"12acf6e1\" data-element_type=\"container\" data-settings=\"{&quot;ekit_has_onepagescroll_dot&quot;:&quot;yes&quot;}\">\n\t\t\t\t\t<div class=\"e-con-inner\">\n\t\t\t\t<div class=\"elementor-element elementor-element-68575da0 elementor-widget elementor-widget-heading\" data-id=\"68575da0\" data-element_type=\"widget\" data-settings=\"{&quot;ekit_we_effect_on&quot;:&quot;none&quot;}\" data-widget_type=\"heading.default\">\n\t\t\t\t<div class=\"elementor-widget-container\">\n\t\t\t\t\t<h2 class=\"elementor-heading-title elementor-size-default\">Valkyra | alivia el ansiedad en segundos sin qu\u00edmicos ni nicotina<\/h2>\t\t\t\t<\/div>\n\t\t\t\t<\/div>\n\t\t\t\t<div class=\"elementor-element elementor-element-5c4425a1 elementor-widget elementor-widget-text-editor\" data-id=\"5c4425a1\" data-element_type=\"widget\" data-settings=\"{&quot;ekit_we_effect_on&quot;:&quot;none&quot;}\" data-widget_type=\"text-editor.default\">\n\t\t\t\t<div class=\"elementor-widget-container\">\n\t\t\t\t\t\t\t\t\t<p><strong>\u00bfLa ansiedad te detiene en los momentos clave?\u00a0<\/strong><br \/>A veces no necesitas una p\u00edldora ni un parche; solo necesitas una\u00a0<strong>v\u00e1lvula de escape f\u00edsica<\/strong>. Valkyrie no es un dispositivo m\u00e9dico tradicional, ni un inhalador qu\u00edmico. Es una herramienta de\u00a0<strong>contenci\u00f3n sensorial<\/strong>\u00a0dise\u00f1ada para que, en cuesti\u00f3n de\u00a0<strong>segundos<\/strong>, puedas recuperar el control de tu respiraci\u00f3n y centrar tu mente.<\/p>\t\t\t\t\t\t\t\t<\/div>\n\t\t\t\t<\/div>\n\t\t<div class=\"elementor-element elementor-element-19b91c6c e-con-full e-flex e-con e-child\" data-id=\"19b91c6c\" data-element_type=\"container\" data-settings=\"{&quot;ekit_has_onepagescroll_dot&quot;:&quot;yes&quot;}\">\n\t\t<div class=\"elementor-element elementor-element-6ab5cb1b e-grid e-con-full e-con e-child\" data-id=\"6ab5cb1b\" data-element_type=\"container\" data-settings=\"{&quot;ekit_has_onepagescroll_dot&quot;:&quot;yes&quot;}\">\n\t\t\t\t<div class=\"elementor-element elementor-element-431d2 elementor-position-top elementor-widget elementor-widget-image-box\" data-id=\"431d2\" data-element_type=\"widget\" data-settings=\"{&quot;ekit_we_effect_on&quot;:&quot;none&quot;}\" data-widget_type=\"image-box.default\">\n\t\t\t\t<div class=\"elementor-widget-container\">\n\t\t\t\t\t<div class=\"elementor-image-box-wrapper\"><figure class=\"elementor-image-box-img\"><img loading=\"lazy\" decoding=\"async\" width=\"640\" height=\"640\" src=\"https:\/\/uniquemoments.shop\/wp-content\/uploads\/2026\/04\/6-4.webp\" class=\"attachment-full size-full wp-image-13662 wvs-archive-product-image\" alt=\"\" srcset=\"https:\/\/uniquemoments.shop\/wp-content\/uploads\/2026\/04\/6-4.webp 640w, https:\/\/uniquemoments.shop\/wp-content\/uploads\/2026\/04\/6-4-300x300.webp 300w, https:\/\/uniquemoments.shop\/wp-content\/uploads\/2026\/04\/6-4-150x150.webp 150w, https:\/\/uniquemoments.shop\/wp-content\/uploads\/2026\/04\/6-4-12x12.webp 12w, https:\/\/uniquemoments.shop\/wp-content\/uploads\/2026\/04\/6-4-600x600.webp 600w, https:\/\/uniquemoments.shop\/wp-content\/uploads\/2026\/04\/6-4-100x100.webp 100w, https:\/\/uniquemoments.shop\/wp-content\/uploads\/2026\/04\/6-4-50x50.webp 50w, https:\/\/uniquemoments.shop\/wp-content\/uploads\/2026\/04\/6-4-1x1.webp 1w, https:\/\/uniquemoments.shop\/wp-content\/uploads\/2026\/04\/6-4-10x10.webp 10w\" sizes=\"auto, (max-width: 640px) 100vw, 640px\" \/><\/figure><div class=\"elementor-image-box-content\"><h3 class=\"elementor-image-box-title\">Lib\u00e9rate de la ansiedad en segundos<\/h3><p class=\"elementor-image-box-description\">Valkyrie no promete curar la ansiedad, pero te devuelve el poder de actuar en el momento cr\u00edtico. Si buscas una soluci\u00f3n limpia, r\u00e1pida y aut\u00f3noma para manejar el estr\u00e9s sin introducir sustancias extra\u00f1as en tu cuerpo, esta es la herramienta que estabas esperando.<\/p><\/div><\/div>\t\t\t\t<\/div>\n\t\t\t\t<\/div>\n\t\t\t\t<div class=\"elementor-element elementor-element-1e38533 elementor-position-top elementor-widget elementor-widget-image-box\" data-id=\"1e38533\" data-element_type=\"widget\" data-settings=\"{&quot;ekit_we_effect_on&quot;:&quot;none&quot;}\" data-widget_type=\"image-box.default\">\n\t\t\t\t<div class=\"elementor-widget-container\">\n\t\t\t\t\t<div class=\"elementor-image-box-wrapper\"><figure class=\"elementor-image-box-img\"><img loading=\"lazy\" decoding=\"async\" width=\"466\" height=\"466\" src=\"https:\/\/uniquemoments.shop\/wp-content\/uploads\/2026\/04\/51YY2eTrPL._AC_SX466_-1.jpg\" class=\"attachment-full size-full wp-image-13663 wvs-archive-product-image\" alt=\"\" srcset=\"https:\/\/uniquemoments.shop\/wp-content\/uploads\/2026\/04\/51YY2eTrPL._AC_SX466_-1.jpg 466w, https:\/\/uniquemoments.shop\/wp-content\/uploads\/2026\/04\/51YY2eTrPL._AC_SX466_-1-300x300.jpg 300w, https:\/\/uniquemoments.shop\/wp-content\/uploads\/2026\/04\/51YY2eTrPL._AC_SX466_-1-150x150.jpg 150w, https:\/\/uniquemoments.shop\/wp-content\/uploads\/2026\/04\/51YY2eTrPL._AC_SX466_-1-12x12.jpg 12w, https:\/\/uniquemoments.shop\/wp-content\/uploads\/2026\/04\/51YY2eTrPL._AC_SX466_-1-100x100.jpg 100w, https:\/\/uniquemoments.shop\/wp-content\/uploads\/2026\/04\/51YY2eTrPL._AC_SX466_-1-50x50.jpg 50w, https:\/\/uniquemoments.shop\/wp-content\/uploads\/2026\/04\/51YY2eTrPL._AC_SX466_-1-1x1.jpg 1w, https:\/\/uniquemoments.shop\/wp-content\/uploads\/2026\/04\/51YY2eTrPL._AC_SX466_-1-10x10.jpg 10w\" sizes=\"auto, (max-width: 466px) 100vw, 466px\" \/><\/figure><div class=\"elementor-image-box-content\"><h3 class=\"elementor-image-box-title\">\u00bfC\u00f3mo usar Valkyrie?<\/h3><p class=\"elementor-image-box-description\">Siente el momento \uff1a Cuando notes los primeros s\u00edntomas de ansiedad (taquicardia, mente en blanco, opresi\u00f3n en el pecho), saca Valkyrie.Enfoca tu atenci\u00f3n\uff1a Utiliza el dispositivo para activar un est\u00edmulo f\u00edsico controlado. Conc\u00e9ntrate en esa sensaci\u00f3n.Respira y reinicia \uff1a Realiza una respiraci\u00f3n profunda mientras usas Valkyrie. En cuesti\u00f3n de segundos, interrumpir\u00e1s el bucle de la ansiedad y recuperar\u00e1s el control.<\/p><\/div><\/div>\t\t\t\t<\/div>\n\t\t\t\t<\/div>\n\t\t\t\t<div class=\"elementor-element elementor-element-6585be77 elementor-position-top elementor-widget elementor-widget-image-box\" data-id=\"6585be77\" data-element_type=\"widget\" data-settings=\"{&quot;ekit_we_effect_on&quot;:&quot;none&quot;}\" data-widget_type=\"image-box.default\">\n\t\t\t\t<div class=\"elementor-widget-container\">\n\t\t\t\t\t<div class=\"elementor-image-box-wrapper\"><figure class=\"elementor-image-box-img\"><img loading=\"lazy\" decoding=\"async\" width=\"466\" height=\"464\" src=\"https:\/\/uniquemoments.shop\/wp-content\/uploads\/2026\/04\/71z92mjDcpL._AC_SX466_.jpg\" class=\"attachment-full size-full wp-image-13664 wvs-archive-product-image\" alt=\"\" srcset=\"https:\/\/uniquemoments.shop\/wp-content\/uploads\/2026\/04\/71z92mjDcpL._AC_SX466_.jpg 466w, https:\/\/uniquemoments.shop\/wp-content\/uploads\/2026\/04\/71z92mjDcpL._AC_SX466_-300x300.jpg 300w, https:\/\/uniquemoments.shop\/wp-content\/uploads\/2026\/04\/71z92mjDcpL._AC_SX466_-150x150.jpg 150w, https:\/\/uniquemoments.shop\/wp-content\/uploads\/2026\/04\/71z92mjDcpL._AC_SX466_-12x12.jpg 12w, https:\/\/uniquemoments.shop\/wp-content\/uploads\/2026\/04\/71z92mjDcpL._AC_SX466_-100x100.jpg 100w, https:\/\/uniquemoments.shop\/wp-content\/uploads\/2026\/04\/71z92mjDcpL._AC_SX466_-50x50.jpg 50w, https:\/\/uniquemoments.shop\/wp-content\/uploads\/2026\/04\/71z92mjDcpL._AC_SX466_-1x1.jpg 1w, https:\/\/uniquemoments.shop\/wp-content\/uploads\/2026\/04\/71z92mjDcpL._AC_SX466_-10x10.jpg 10w\" sizes=\"auto, (max-width: 466px) 100vw, 466px\" \/><\/figure><div class=\"elementor-image-box-content\"><h3 class=\"elementor-image-box-title\">Ideal para momentos clave: Antes de hablar en p\u00fablico o en emergencias<\/h3><p class=\"elementor-image-box-description\">Ya sea antes de una reuni\u00f3n importante, una presentaci\u00f3n en p\u00fablico o en medio de un pico de estr\u00e9s cotidiano, Valkyrie cabe en tu bolsillo y est\u00e1 listo cuando m\u00e1s lo necesitas. Es la herramienta de bolsillo para quienes enfrentan presi\u00f3n de alto rendimiento y necesitan una soluci\u00f3n discreta y efectiva que no llame la atenci\u00f3n.<\/p><\/div><\/div>\t\t\t\t<\/div>\n\t\t\t\t<\/div>\n\t\t\t\t<\/div>\n\t\t\t\t<\/div>\n\t\t\t\t\t<\/div>\n\t\t\t\t<\/div>\n\t\t<div class=\"elementor-element elementor-element-327a4430 e-flex e-con-boxed e-con e-parent\" data-id=\"327a4430\" data-element_type=\"container\" data-settings=\"{&quot;ekit_has_onepagescroll_dot&quot;:&quot;yes&quot;}\">\n\t\t\t\t\t<div class=\"e-con-inner\">\n\t\t\t\t<div class=\"elementor-element elementor-element-12e6f21f elementor-widget elementor-widget-image\" data-id=\"12e6f21f\" data-element_type=\"widget\" data-settings=\"{&quot;ekit_we_effect_on&quot;:&quot;none&quot;}\" data-widget_type=\"image.default\">\n\t\t\t\t<div class=\"elementor-widget-container\">\n\t\t\t\t\t\t\t\t\t\t\t\t\t\t\t<img loading=\"lazy\" decoding=\"async\" width=\"466\" height=\"466\" src=\"https:\/\/uniquemoments.shop\/wp-content\/uploads\/2026\/04\/61VAnuRd9mL._AC_SX466_-1.jpg\" class=\"attachment-full size-full wp-image-13665 wvs-archive-product-image\" alt=\"\" srcset=\"https:\/\/uniquemoments.shop\/wp-content\/uploads\/2026\/04\/61VAnuRd9mL._AC_SX466_-1.jpg 466w, https:\/\/uniquemoments.shop\/wp-content\/uploads\/2026\/04\/61VAnuRd9mL._AC_SX466_-1-300x300.jpg 300w, https:\/\/uniquemoments.shop\/wp-content\/uploads\/2026\/04\/61VAnuRd9mL._AC_SX466_-1-150x150.jpg 150w, https:\/\/uniquemoments.shop\/wp-content\/uploads\/2026\/04\/61VAnuRd9mL._AC_SX466_-1-12x12.jpg 12w, https:\/\/uniquemoments.shop\/wp-content\/uploads\/2026\/04\/61VAnuRd9mL._AC_SX466_-1-100x100.jpg 100w, https:\/\/uniquemoments.shop\/wp-content\/uploads\/2026\/04\/61VAnuRd9mL._AC_SX466_-1-50x50.jpg 50w, https:\/\/uniquemoments.shop\/wp-content\/uploads\/2026\/04\/61VAnuRd9mL._AC_SX466_-1-1x1.jpg 1w, https:\/\/uniquemoments.shop\/wp-content\/uploads\/2026\/04\/61VAnuRd9mL._AC_SX466_-1-10x10.jpg 10w\" sizes=\"auto, (max-width: 466px) 100vw, 466px\" \/>\t\t\t\t\t\t\t\t\t\t\t\t\t\t\t<\/div>\n\t\t\t\t<\/div>\n\t\t\t\t<div class=\"elementor-element elementor-element-7b15b817 elementor-widget elementor-widget-image\" data-id=\"7b15b817\" data-element_type=\"widget\" data-settings=\"{&quot;ekit_we_effect_on&quot;:&quot;none&quot;}\" data-widget_type=\"image.default\">\n\t\t\t\t<div class=\"elementor-widget-container\">\n\t\t\t\t\t\t\t\t\t\t\t\t\t\t\t<img loading=\"lazy\" decoding=\"async\" width=\"1906\" height=\"2560\" src=\"https:\/\/uniquemoments.shop\/wp-content\/uploads\/2026\/04\/1-9-scaled-1.webp\" class=\"attachment-full size-full wp-image-13666 wvs-archive-product-image\" alt=\"\" srcset=\"https:\/\/uniquemoments.shop\/wp-content\/uploads\/2026\/04\/1-9-scaled-1.webp 1906w, https:\/\/uniquemoments.shop\/wp-content\/uploads\/2026\/04\/1-9-scaled-1-223x300.webp 223w, https:\/\/uniquemoments.shop\/wp-content\/uploads\/2026\/04\/1-9-scaled-1-762x1024.webp 762w, https:\/\/uniquemoments.shop\/wp-content\/uploads\/2026\/04\/1-9-scaled-1-768x1032.webp 768w, https:\/\/uniquemoments.shop\/wp-content\/uploads\/2026\/04\/1-9-scaled-1-1144x1536.webp 1144w, https:\/\/uniquemoments.shop\/wp-content\/uploads\/2026\/04\/1-9-scaled-1-1525x2048.webp 1525w, https:\/\/uniquemoments.shop\/wp-content\/uploads\/2026\/04\/1-9-scaled-1-9x12.webp 9w, https:\/\/uniquemoments.shop\/wp-content\/uploads\/2026\/04\/1-9-scaled-1-600x806.webp 600w, https:\/\/uniquemoments.shop\/wp-content\/uploads\/2026\/04\/1-9-scaled-1-1x1.webp 1w, https:\/\/uniquemoments.shop\/wp-content\/uploads\/2026\/04\/1-9-scaled-1-7x10.webp 7w\" sizes=\"auto, (max-width: 1906px) 100vw, 1906px\" \/>\t\t\t\t\t\t\t\t\t\t\t\t\t\t\t<\/div>\n\t\t\t\t<\/div>\n\t\t\t\t<div class=\"elementor-element elementor-element-1409a750 elementor-widget elementor-widget-image\" data-id=\"1409a750\" data-element_type=\"widget\" data-settings=\"{&quot;ekit_we_effect_on&quot;:&quot;none&quot;}\" data-widget_type=\"image.default\">\n\t\t\t\t<div class=\"elementor-widget-container\">\n\t\t\t\t\t\t\t\t\t\t\t\t\t\t\t<img loading=\"lazy\" decoding=\"async\" width=\"768\" height=\"768\" src=\"https:\/\/uniquemoments.shop\/wp-content\/uploads\/2026\/04\/7-3.webp\" class=\"attachment-full size-full wp-image-13667 wvs-archive-product-image\" alt=\"\" srcset=\"https:\/\/uniquemoments.shop\/wp-content\/uploads\/2026\/04\/7-3.webp 768w, https:\/\/uniquemoments.shop\/wp-content\/uploads\/2026\/04\/7-3-300x300.webp 300w, https:\/\/uniquemoments.shop\/wp-content\/uploads\/2026\/04\/7-3-150x150.webp 150w, https:\/\/uniquemoments.shop\/wp-content\/uploads\/2026\/04\/7-3-12x12.webp 12w, https:\/\/uniquemoments.shop\/wp-content\/uploads\/2026\/04\/7-3-600x600.webp 600w, https:\/\/uniquemoments.shop\/wp-content\/uploads\/2026\/04\/7-3-100x100.webp 100w, https:\/\/uniquemoments.shop\/wp-content\/uploads\/2026\/04\/7-3-50x50.webp 50w, https:\/\/uniquemoments.shop\/wp-content\/uploads\/2026\/04\/7-3-1x1.webp 1w, https:\/\/uniquemoments.shop\/wp-content\/uploads\/2026\/04\/7-3-10x10.webp 10w\" sizes=\"auto, (max-width: 768px) 100vw, 768px\" \/>\t\t\t\t\t\t\t\t\t\t\t\t\t\t\t<\/div>\n\t\t\t\t<\/div>\n\t\t<div class=\"elementor-element elementor-element-3519d78d e-con-full e-flex e-con e-child\" data-id=\"3519d78d\" data-element_type=\"container\" data-settings=\"{&quot;ekit_has_onepagescroll_dot&quot;:&quot;yes&quot;}\">\n\t\t\t\t<div class=\"elementor-element elementor-element-68938204 elementor-widget elementor-widget-text-editor\" data-id=\"68938204\" data-element_type=\"widget\" data-settings=\"{&quot;ekit_we_effect_on&quot;:&quot;none&quot;}\" data-widget_type=\"text-editor.default\">\n\t\t\t\t<div class=\"elementor-widget-container\">\n\t\t\t\t\t\t\t\t\t<div class=\"elementor-widget-container\">\n    # Features &#038; Specs\n\n<div class=\"product-table\">\n  <div class=\"product-row\">\n    <div class=\"product-label\"><strong>Primary Stone Gem Type<\/strong><\/div>\n    <div class=\"product-value\"><strong>No Gemstone<\/strong><\/div>\n  <\/div>\n  <div class=\"product-row\">\n    <div class=\"product-label\"><strong>Chain Type<\/strong><\/div>\n    <div class=\"product-value\"><strong>Cable<\/strong><\/div>\n  <\/div>\n  <div class=\"product-row\">\n    <div class=\"product-label\"><strong>Stone Shape<\/strong><\/div>\n    <div class=\"product-value\"><strong>Irregular<\/strong><\/div>\n  <\/div>\n  <div class=\"product-row\">\n    <div class=\"product-label\"><strong>Gem Type<\/strong><\/div>\n    <div class=\"product-value\"><strong>No Gemstone<\/strong><\/div>\n  <\/div>\n  <div class=\"product-row\">\n    <div class=\"product-label\"><strong>Metal Stamp<\/strong><\/div>\n    <div class=\"product-value\"><strong>316L Stainless Steel<\/strong><\/div>\n  <\/div>\n  <div class=\"product-row\">\n    <div class=\"product-label\"><strong>Stone Cut<\/strong><\/div>\n    <div class=\"product-value\"><strong>not-applicable<\/strong><\/div>\n  <\/div>\n  <div class=\"product-row\">\n    <div class=\"product-label\"><strong>Stone Clarity<\/strong><\/div>\n    <div class=\"product-value\"><strong>Internally Flawless<\/strong><\/div>\n  <\/div>\n  <div class=\"product-row\">\n    <div class=\"product-label\"><strong>Pearl Type<\/strong><\/div>\n    <div class=\"product-value\"><strong>Simulated Pearl<\/strong><\/div>\n  <\/div>\n  <div class=\"product-row\">\n    <div class=\"product-label\"><strong>Stone Creation Method<\/strong><\/div>\n    <div class=\"product-value\"><strong>Natural<\/strong><\/div>\n  <\/div>\n  <div class=\"product-row\">\n    <div class=\"product-label\"><strong>Finish Type<\/strong><\/div>\n    <div class=\"product-value\"><strong>Polished<\/strong><\/div>\n  <\/div>\n<\/div>\n\n<style>\n.product-table {\n  width: 100%;\n  border-top: 1px solid #000;\n  font-family: Arial, sans-serif;\n}\n\n.product-row {\n  display: flex;\n  border-bottom: 1px solid #000;\n  padding: 12px 0;\n}\n\n.product-label {\n  flex: 1;\n  font-weight: bold;\n  min-width: 200px;\n  padding-right: 20px;\n}\n\n.product-value {\n  flex: 1;\n  min-width: 200px;\n}\n<\/style>\n<\/div>\t\t\t\t\t\t\t\t<\/div>\n\t\t\t\t<\/div>\n\t\t\t\t<\/div>\n\t\t\t\t\t<\/div>\n\t\t\t\t<\/div>\n\t\t\t\t<\/div>","protected":false},"excerpt":{"rendered":"<h3 class=\"product-facts-title\">Acerca de este art\u00edculo<\/h3>\n<ul class=\"a-unordered-list a-vertical a-spacing-small\">\n<li><span class=\"a-list-item a-size-base a-color-base\">Easy Mindful Breathing Tool: Our breathing Necklace features a perfect opening in middle and dual airflow design to provide ideal resistance for your exhales. Use this necklace to stay more focused and relaxed throughout your day. If you&#8217;re also trying to quit smoking, you can simulate the resistance of a cigarette by slightly covering the hole with our anxiety necklace<\/span><\/li>\n<\/ul>","protected":false},"featured_media":13656,"comment_status":"open","ping_status":"closed","template":"","meta":{"_acf_changed":false},"etheme_brands":[],"product_brand":[],"product_cat":[127,118],"product_tag":[],"class_list":{"0":"post-13652","1":"product","2":"type-product","3":"status-publish","4":"has-post-thumbnail","6":"product_cat-dao","7":"product_cat-sale-shop","9":"first","10":"instock","11":"sale","12":"shipping-taxable","13":"purchasable","14":"product-type-variable","15":"has-default-attributes","16":"wvs-archive-product-wrapper"},"acf":[],"_links":{"self":[{"href":"https:\/\/uniquemoments.shop\/es\/wp-json\/wp\/v2\/product\/13652","targetHints":{"allow":["GET"]}}],"collection":[{"href":"https:\/\/uniquemoments.shop\/es\/wp-json\/wp\/v2\/product"}],"about":[{"href":"https:\/\/uniquemoments.shop\/es\/wp-json\/wp\/v2\/types\/product"}],"replies":[{"embeddable":true,"href":"https:\/\/uniquemoments.shop\/es\/wp-json\/wp\/v2\/comments?post=13652"}],"version-history":[{"count":4,"href":"https:\/\/uniquemoments.shop\/es\/wp-json\/wp\/v2\/product\/13652\/revisions"}],"predecessor-version":[{"id":13675,"href":"https:\/\/uniquemoments.shop\/es\/wp-json\/wp\/v2\/product\/13652\/revisions\/13675"}],"wp:featuredmedia":[{"embeddable":true,"href":"https:\/\/uniquemoments.shop\/es\/wp-json\/wp\/v2\/media\/13656"}],"wp:attachment":[{"href":"https:\/\/uniquemoments.shop\/es\/wp-json\/wp\/v2\/media?parent=13652"}],"wp:term":[{"taxonomy":"brand","embeddable":true,"href":"https:\/\/uniquemoments.shop\/es\/wp-json\/wp\/v2\/etheme_brands?post=13652"},{"taxonomy":"product_brand","embeddable":true,"href":"https:\/\/uniquemoments.shop\/es\/wp-json\/wp\/v2\/product_brand?post=13652"},{"taxonomy":"product_cat","embeddable":true,"href":"https:\/\/uniquemoments.shop\/es\/wp-json\/wp\/v2\/product_cat?post=13652"},{"taxonomy":"product_tag","embeddable":true,"href":"https:\/\/uniquemoments.shop\/es\/wp-json\/wp\/v2\/product_tag?post=13652"}],"curies":[{"name":"wp","href":"https:\/\/api.w.org\/{rel}","templated":true}]}}